{"id":28393,"date":"2024-11-05T12:14:52","date_gmt":"2024-11-05T11:14:52","guid":{"rendered":"https:\/\/viveti.net\/bambar-collection\/"},"modified":"2024-11-05T15:42:57","modified_gmt":"2024-11-05T14:42:57","slug":"bambar-collection","status":"publish","type":"page","link":"https:\/\/viveti.net\/fr\/bambar-collection\/","title":{"rendered":"Bambar &#8211; Collection"},"content":{"rendered":"<p>[et_pb_section fb_built=\u00a0\u00bb1&Prime; _builder_version=\u00a0\u00bb4.9.4&Prime; _module_preset=\u00a0\u00bbdefault\u00a0\u00bb][\/et_pb_section][et_pb_section fb_built=\u00a0\u00bb1&Prime; fullwidth=\u00a0\u00bbon\u00a0\u00bb custom_padding_last_edited=\u00a0\u00bbon|desktop\u00a0\u00bb admin_label=\u00a0\u00bbsection\u00a0\u00bb _builder_version=\u00a0\u00bb4.9.4&Prime; background_enable_image=\u00a0\u00bboff\u00a0\u00bb custom_padding=\u00a0\u00bb0px|0px|0px|0px\u00a0\u00bb custom_padding_tablet=\u00a0\u00bb50px|0|50px|0&Prime; custom_padding_phone=\u00a0\u00bb\u00a0\u00bb transparent_background=\u00a0\u00bboff\u00a0\u00bb padding_mobile=\u00a0\u00bboff\u00a0\u00bb make_fullwidth=\u00a0\u00bboff\u00a0\u00bb use_custom_width=\u00a0\u00bboff\u00a0\u00bb width_unit=\u00a0\u00bboff\u00a0\u00bb custom_width_px=\u00a0\u00bb1080px\u00a0\u00bb custom_width_percent=\u00a0\u00bb80%\u00a0\u00bb locked=\u00a0\u00bboff\u00a0\u00bb][et_pb_fullwidth_header title=\u00a0\u00bbBambar Collection\u00a0\u00bb text_orientation=\u00a0\u00bbcenter\u00a0\u00bb header_fullscreen=\u00a0\u00bbon\u00a0\u00bb header_scroll_down=\u00a0\u00bbon\u00a0\u00bb scroll_down_icon=\u00a0\u00bb&quot;\u00a0\u00bb scroll_down_icon_size=\u00a0\u00bb47px\u00a0\u00bb background_overlay_color=\u00a0\u00bbrgba(0,0,0,0.66)\u00a0\u00bb content_max_width=\u00a0\u00bbnone\u00a0\u00bb title_tablet=\u00a0\u00bb\u00a0\u00bb title_phone=\u00a0\u00bb\u00a0\u00bb title_last_edited=\u00a0\u00bbon|tablet\u00a0\u00bb admin_label=\u00a0\u00bbT\u00edtulo de anchura completa\u00a0\u00bb _builder_version=\u00a0\u00bb4.9.4&Prime; title_font=\u00a0\u00bbPlayfair Display||||\u00a0\u00bb title_font_size=\u00a0\u00bb49px\u00a0\u00bb content_font_size=\u00a0\u00bb14px\u00a0\u00bb background_color=\u00a0\u00bbrgba(255, 255, 255, 0)\u00a0\u00bb background_image=\u00a0\u00bbhttps:\/\/viveti.net\/wp-content\/uploads\/2024\/11\/Captura-de-pantalla-2024-11-05-a-las-12.59.39.png\u00a0\u00bb border_radii_image=\u00a0\u00bboff||||\u00a0\u00bb background_url=\u00a0\u00bbhttps:\/\/viveti.net\/wp-content\/uploads\/2017\/09\/banner-sofa-oydoor.png\u00a0\u00bb button_one_letter_spacing_hover=\u00a0\u00bb0&Prime; button_two_letter_spacing_hover=\u00a0\u00bb0&Prime; button_one_text_size__hover_enabled=\u00a0\u00bboff\u00a0\u00bb button_two_text_size__hover_enabled=\u00a0\u00bboff\u00a0\u00bb button_one_text_color__hover_enabled=\u00a0\u00bboff\u00a0\u00bb button_two_text_color__hover_enabled=\u00a0\u00bboff\u00a0\u00bb button_one_border_width__hover_enabled=\u00a0\u00bboff\u00a0\u00bb button_two_border_width__hover_enabled=\u00a0\u00bboff\u00a0\u00bb button_one_border_color__hover_enabled=\u00a0\u00bboff\u00a0\u00bb button_two_border_color__hover_enabled=\u00a0\u00bboff\u00a0\u00bb button_one_border_radius__hover_enabled=\u00a0\u00bboff\u00a0\u00bb button_two_border_radius__hover_enabled=\u00a0\u00bboff\u00a0\u00bb button_one_letter_spacing__hover_enabled=\u00a0\u00bbon\u00a0\u00bb button_one_letter_spacing__hover=\u00a0\u00bb0&Prime; button_two_letter_spacing__hover_enabled=\u00a0\u00bbon\u00a0\u00bb button_two_letter_spacing__hover=\u00a0\u00bb0&Prime; button_one_bg_color__hover_enabled=\u00a0\u00bboff\u00a0\u00bb button_two_bg_color__hover_enabled=\u00a0\u00bboff\u00a0\u00bb][\/et_pb_fullwidth_header][\/et_pb_section][et_pb_section fb_built=\u00a0\u00bb1&Prime; _builder_version=\u00a0\u00bb4.9.4&Prime; _module_preset=\u00a0\u00bbdefault\u00a0\u00bb][et_pb_row column_structure=\u00a0\u00bb1_4,1_2,1_4&Prime; disabled_on=\u00a0\u00bboff|off|off\u00a0\u00bb admin_label=\u00a0\u00bbrow\u00a0\u00bb _builder_version=\u00a0\u00bb4.9.4&Prime; custom_padding=\u00a0\u00bb25.2969px|0px|77px|0px\u00a0\u00bb make_fullwidth=\u00a0\u00bboff\u00a0\u00bb use_custom_width=\u00a0\u00bboff\u00a0\u00bb width_unit=\u00a0\u00bboff\u00a0\u00bb custom_width_px=\u00a0\u00bb1080px\u00a0\u00bb custom_width_percent=\u00a0\u00bb80%\u00a0\u00bb locked=\u00a0\u00bboff\u00a0\u00bb][et_pb_column type=\u00a0\u00bb1_4&Prime; _builder_version=\u00a0\u00bb3.25&Prime; custom_padding=\u00a0\u00bb|||\u00a0\u00bb custom_padding__hover=\u00a0\u00bb|||\u00a0\u00bb][\/et_pb_column][et_pb_column type=\u00a0\u00bb1_2&Prime; _builder_version=\u00a0\u00bb3.25&Prime; custom_padding=\u00a0\u00bb|||\u00a0\u00bb custom_padding__hover=\u00a0\u00bb|||\u00a0\u00bb][et_pb_text admin_label=\u00a0\u00bbTexto\u00a0\u00bb _builder_version=\u00a0\u00bb4.9.4&Prime; background_size=\u00a0\u00bbinitial\u00a0\u00bb background_position=\u00a0\u00bbtop_left\u00a0\u00bb background_repeat=\u00a0\u00bbrepeat\u00a0\u00bb use_border_color=\u00a0\u00bboff\u00a0\u00bb border_color=\u00a0\u00bb#ffffff\u00a0\u00bb border_style=\u00a0\u00bbsolid\u00a0\u00bb inline_fonts=\u00a0\u00bbPlayfair Display\u00a0\u00bb]<\/p>\n<h1><span style=\"font-family: 'Playfair Display';\">Bambar Collection<\/span><\/h1>\n<p>[\/et_pb_text][et_pb_text admin_label=\u00a0\u00bbTexto\u00a0\u00bb _builder_version=\u00a0\u00bb4.9.4&Prime; background_size=\u00a0\u00bbinitial\u00a0\u00bb background_position=\u00a0\u00bbtop_left\u00a0\u00bb background_repeat=\u00a0\u00bbrepeat\u00a0\u00bb use_border_color=\u00a0\u00bboff\u00a0\u00bb border_style=\u00a0\u00bbsolid\u00a0\u00bb]<\/p>\n<p style=\"font-size: 21px; color: #ffffff; text-align: left; background-color: #ffffff;\"><span style=\"color: #000000;\"><span>Est une proposition de mobilier avec des mat\u00e9riaux nobles et organiques inspir\u00e9s de la nature m\u00e9diterran\u00e9enne.<\/span><\/span><\/p>\n<p style=\"font-size: 21px; color: #ffffff; text-align: left; background-color: #ffffff;\"><span style=\"color: #000000;\"><span><br \/><\/span><\/span><span style=\"font-size: 21px; color: #000000;\">Des pi\u00e8ces auxiliaires et des tissus d\u2019ameublement qui humanisent votre maison.<\/span><\/p>\n<p>[\/et_pb_text][\/et_pb_column][et_pb_column type=\u00a0\u00bb1_4&Prime; _builder_version=\u00a0\u00bb3.25&Prime; custom_padding=\u00a0\u00bb|||\u00a0\u00bb custom_padding__hover=\u00a0\u00bb|||\u00a0\u00bb][\/et_pb_column][\/et_pb_row][\/et_pb_section][et_pb_section fb_built=\u00a0\u00bb1&Prime; fullwidth=\u00a0\u00bbon\u00a0\u00bb _builder_version=\u00a0\u00bb4.9.4&Prime; _module_preset=\u00a0\u00bbdefault\u00a0\u00bb][et_pb_fullwidth_image src=\u00a0\u00bbhttps:\/\/viveti.net\/wp-content\/uploads\/2024\/11\/Bambar.jpg\u00a0\u00bb title_text=\u00a0\u00bbBambar\u00a0\u00bb _builder_version=\u00a0\u00bb4.9.4&Prime; _module_preset=\u00a0\u00bbdefault\u00a0\u00bb][\/et_pb_fullwidth_image][\/et_pb_section]<\/p>\n","protected":false},"excerpt":{"rendered":"<p>[et_pb_section fb_built=\u00a0\u00bb1&Prime; _builder_version=\u00a0\u00bb4.9.4&Prime; _module_preset=\u00a0\u00bbdefault\u00a0\u00bb][\/et_pb_section][et_pb_section fb_built=\u00a0\u00bb1&Prime; fullwidth=\u00a0\u00bbon\u00a0\u00bb custom_padding_last_edited=\u00a0\u00bbon|desktop\u00a0\u00bb admin_label=\u00a0\u00bbsection\u00a0\u00bb _builder_version=\u00a0\u00bb4.9.4&Prime; background_enable_image=\u00a0\u00bboff\u00a0\u00bb custom_padding=\u00a0\u00bb0px|0px|0px|0px\u00a0\u00bb custom_padding_tablet=\u00a0\u00bb50px|0|50px|0&Prime; custom_padding_phone=\u00a0\u00bb\u00a0\u00bb transparent_background=\u00a0\u00bboff\u00a0\u00bb padding_mobile=\u00a0\u00bboff\u00a0\u00bb make_fullwidth=\u00a0\u00bboff\u00a0\u00bb use_custom_width=\u00a0\u00bboff\u00a0\u00bb width_unit=\u00a0\u00bboff\u00a0\u00bb custom_width_px=\u00a0\u00bb1080px\u00a0\u00bb custom_width_percent=\u00a0\u00bb80%\u00a0\u00bb locked=\u00a0\u00bboff\u00a0\u00bb][et_pb_fullwidth_header title=\u00a0\u00bbBambar Collection\u00a0\u00bb text_orientation=\u00a0\u00bbcenter\u00a0\u00bb header_fullscreen=\u00a0\u00bbon\u00a0\u00bb header_scroll_down=\u00a0\u00bbon\u00a0\u00bb scroll_down_icon=\u00a0\u00bb&quot;\u00a0\u00bb scroll_down_icon_size=\u00a0\u00bb47px\u00a0\u00bb background_overlay_color=\u00a0\u00bbrgba(0,0,0,0.66)\u00a0\u00bb content_max_width=\u00a0\u00bbnone\u00a0\u00bb title_tablet=\u00a0\u00bb\u00a0\u00bb title_phone=\u00a0\u00bb\u00a0\u00bb title_last_edited=\u00a0\u00bbon|tablet\u00a0\u00bb admin_label=\u00a0\u00bbT\u00edtulo de anchura completa\u00a0\u00bb _builder_version=\u00a0\u00bb4.9.4&Prime; title_font=\u00a0\u00bbPlayfair Display||||\u00a0\u00bb title_font_size=\u00a0\u00bb49px\u00a0\u00bb content_font_size=\u00a0\u00bb14px\u00a0\u00bb background_color=\u00a0\u00bbrgba(255, 255, 255, 0)\u00a0\u00bb background_image=\u00a0\u00bbhttps:\/\/viveti.net\/wp-content\/uploads\/2024\/11\/Captura-de-pantalla-2024-11-05-a-las-12.59.39.png\u00a0\u00bb border_radii_image=\u00a0\u00bboff||||\u00a0\u00bb background_url=\u00a0\u00bbhttps:\/\/viveti.net\/wp-content\/uploads\/2017\/09\/banner-sofa-oydoor.png\u00a0\u00bb button_one_letter_spacing_hover=\u00a0\u00bb0&Prime; button_two_letter_spacing_hover=\u00a0\u00bb0&Prime; button_one_text_size__hover_enabled=\u00a0\u00bboff\u00a0\u00bb button_two_text_size__hover_enabled=\u00a0\u00bboff\u00a0\u00bb button_one_text_color__hover_enabled=\u00a0\u00bboff\u00a0\u00bb button_two_text_color__hover_enabled=\u00a0\u00bboff\u00a0\u00bb [&hellip;]<\/p>\n","protected":false},"author":59,"featured_media":0,"parent":0,"menu_order":0,"comment_status":"closed","ping_status":"closed","template":"","meta":{"_et_pb_use_builder":"on","_et_pb_old_content":"","_et_gb_content_width":"","footnotes":""},"class_list":["post-28393","page","type-page","status-publish","hentry"],"yoast_head":"<!-- This site is optimized with the Yoast SEO plugin v16.2 - https:\/\/yoast.com\/wordpress\/plugins\/seo\/ -->\n<title>Bambar - Collection - Viveti<\/title>\n<meta name=\"robots\" content=\"index, follow, max-snippet:-1, max-image-preview:large, max-video-preview:-1\" \/>\n<link rel=\"canonical\" href=\"https:\/\/viveti.net\/fr\/bambar-collection\/\" \/>\n<meta property=\"og:locale\" content=\"fr_FR\" \/>\n<meta property=\"og:type\" content=\"article\" \/>\n<meta property=\"og:title\" content=\"Bambar - Collection - Viveti\" \/>\n<meta property=\"og:description\" content=\"[et_pb_section fb_built=\u00a0\u00bb1&Prime; _builder_version=\u00a0\u00bb4.9.4&Prime; _module_preset=\u00a0\u00bbdefault\u00a0\u00bb][\/et_pb_section][et_pb_section fb_built=\u00a0\u00bb1&Prime; fullwidth=\u00a0\u00bbon\u00a0\u00bb custom_padding_last_edited=\u00a0\u00bbon|desktop\u00a0\u00bb admin_label=\u00a0\u00bbsection\u00a0\u00bb _builder_version=\u00a0\u00bb4.9.4&Prime; background_enable_image=\u00a0\u00bboff\u00a0\u00bb custom_padding=\u00a0\u00bb0px|0px|0px|0px\u00a0\u00bb custom_padding_tablet=\u00a0\u00bb50px|0|50px|0&Prime; custom_padding_phone=\u00a0\u00bb\u00a0\u00bb transparent_background=\u00a0\u00bboff\u00a0\u00bb padding_mobile=\u00a0\u00bboff\u00a0\u00bb make_fullwidth=\u00a0\u00bboff\u00a0\u00bb use_custom_width=\u00a0\u00bboff\u00a0\u00bb width_unit=\u00a0\u00bboff\u00a0\u00bb custom_width_px=\u00a0\u00bb1080px\u00a0\u00bb custom_width_percent=\u00a0\u00bb80%\u00a0\u00bb locked=\u00a0\u00bboff\u00a0\u00bb][et_pb_fullwidth_header title=\u00a0\u00bbBambar Collection\u00a0\u00bb text_orientation=\u00a0\u00bbcenter\u00a0\u00bb header_fullscreen=\u00a0\u00bbon\u00a0\u00bb header_scroll_down=\u00a0\u00bbon\u00a0\u00bb scroll_down_icon=\u00a0\u00bb&quot;\u00a0\u00bb scroll_down_icon_size=\u00a0\u00bb47px\u00a0\u00bb background_overlay_color=\u00a0\u00bbrgba(0,0,0,0.66)\u00a0\u00bb content_max_width=\u00a0\u00bbnone\u00a0\u00bb title_tablet=\u00a0\u00bb\u00a0\u00bb title_phone=\u00a0\u00bb\u00a0\u00bb title_last_edited=\u00a0\u00bbon|tablet\u00a0\u00bb admin_label=\u00a0\u00bbT\u00edtulo de anchura completa\u00a0\u00bb _builder_version=\u00a0\u00bb4.9.4&Prime; title_font=\u00a0\u00bbPlayfair Display||||\u00a0\u00bb title_font_size=\u00a0\u00bb49px\u00a0\u00bb content_font_size=\u00a0\u00bb14px\u00a0\u00bb background_color=\u00a0\u00bbrgba(255, 255, 255, 0)\u00a0\u00bb background_image=\u00a0\u00bbhttps:\/\/viveti.net\/wp-content\/uploads\/2024\/11\/Captura-de-pantalla-2024-11-05-a-las-12.59.39.png\u00a0\u00bb border_radii_image=\u00a0\u00bboff||||\u00a0\u00bb background_url=\u00a0\u00bbhttps:\/\/viveti.net\/wp-content\/uploads\/2017\/09\/banner-sofa-oydoor.png\u00a0\u00bb button_one_letter_spacing_hover=\u00a0\u00bb0&Prime; button_two_letter_spacing_hover=\u00a0\u00bb0&Prime; button_one_text_size__hover_enabled=\u00a0\u00bboff\u00a0\u00bb button_two_text_size__hover_enabled=\u00a0\u00bboff\u00a0\u00bb button_one_text_color__hover_enabled=\u00a0\u00bboff\u00a0\u00bb button_two_text_color__hover_enabled=\u00a0\u00bboff\u00a0\u00bb [&hellip;]\" \/>\n<meta property=\"og:url\" content=\"https:\/\/viveti.net\/fr\/bambar-collection\/\" \/>\n<meta property=\"og:site_name\" content=\"Viveti\" \/>\n<meta property=\"article:modified_time\" content=\"2024-11-05T14:42:57+00:00\" \/>\n<meta name=\"twitter:card\" content=\"summary_large_image\" \/>\n<meta name=\"twitter:label1\" content=\"Dur\u00e9e de lecture est.\">\n\t<meta name=\"twitter:data1\" content=\"3 minutes\">\n<script type=\"application\/ld+json\" class=\"yoast-schema-graph\">{\"@context\":\"https:\/\/schema.org\",\"@graph\":[{\"@type\":\"WebSite\",\"@id\":\"https:\/\/viveti.net\/#website\",\"url\":\"https:\/\/viveti.net\/\",\"name\":\"Viveti\",\"description\":\"Furniture Design\",\"potentialAction\":[{\"@type\":\"SearchAction\",\"target\":\"https:\/\/viveti.net\/?s={search_term_string}\",\"query-input\":\"required name=search_term_string\"}],\"inLanguage\":\"fr-FR\"},{\"@type\":\"WebPage\",\"@id\":\"https:\/\/viveti.net\/fr\/bambar-collection\/#webpage\",\"url\":\"https:\/\/viveti.net\/fr\/bambar-collection\/\",\"name\":\"Bambar - Collection - Viveti\",\"isPartOf\":{\"@id\":\"https:\/\/viveti.net\/#website\"},\"datePublished\":\"2024-11-05T11:14:52+00:00\",\"dateModified\":\"2024-11-05T14:42:57+00:00\",\"breadcrumb\":{\"@id\":\"https:\/\/viveti.net\/fr\/bambar-collection\/#breadcrumb\"},\"inLanguage\":\"fr-FR\",\"potentialAction\":[{\"@type\":\"ReadAction\",\"target\":[\"https:\/\/viveti.net\/fr\/bambar-collection\/\"]}]},{\"@type\":\"BreadcrumbList\",\"@id\":\"https:\/\/viveti.net\/fr\/bambar-collection\/#breadcrumb\",\"itemListElement\":[{\"@type\":\"ListItem\",\"position\":1,\"item\":{\"@type\":\"WebPage\",\"@id\":\"https:\/\/viveti.net\/fr\/\",\"url\":\"https:\/\/viveti.net\/fr\/\",\"name\":\"Portada\"}},{\"@type\":\"ListItem\",\"position\":2,\"item\":{\"@id\":\"https:\/\/viveti.net\/fr\/bambar-collection\/#webpage\"}}]}]}<\/script>\n<!-- \/ Yoast SEO plugin. -->","_links":{"self":[{"href":"https:\/\/viveti.net\/fr\/wp-json\/wp\/v2\/pages\/28393"}],"collection":[{"href":"https:\/\/viveti.net\/fr\/wp-json\/wp\/v2\/pages"}],"about":[{"href":"https:\/\/viveti.net\/fr\/wp-json\/wp\/v2\/types\/page"}],"author":[{"embeddable":true,"href":"https:\/\/viveti.net\/fr\/wp-json\/wp\/v2\/users\/59"}],"replies":[{"embeddable":true,"href":"https:\/\/viveti.net\/fr\/wp-json\/wp\/v2\/comments?post=28393"}],"version-history":[{"count":3,"href":"https:\/\/viveti.net\/fr\/wp-json\/wp\/v2\/pages\/28393\/revisions"}],"predecessor-version":[{"id":28400,"href":"https:\/\/viveti.net\/fr\/wp-json\/wp\/v2\/pages\/28393\/revisions\/28400"}],"wp:attachment":[{"href":"https:\/\/viveti.net\/fr\/wp-json\/wp\/v2\/media?parent=28393"}],"curies":[{"name":"wp","href":"https:\/\/api.w.org\/{rel}","templated":true}]}}